{"id":151,"date":"2026-04-14T14:27:31","date_gmt":"2026-04-14T12:27:31","guid":{"rendered":"https:\/\/energie-projekte-sued.com\/?page_id=151"},"modified":"2026-04-16T13:19:55","modified_gmt":"2026-04-16T11:19:55","slug":"contact-energie-projekte-sued","status":"publish","type":"page","link":"https:\/\/energie-projekte-sued.com\/en\/contact-energie-projekte-sued\/","title":{"rendered":"Contact Energie Projekte Sued"},"content":{"rendered":"\t\t<div data-elementor-type=\"wp-page\" data-elementor-id=\"151\" class=\"elementor elementor-151\" data-elementor-post-type=\"page\">\n\t\t\t\t<div class=\"elementor-element elementor-element-1ad67cd e-flex e-con-boxed e-con e-parent\" data-id=\"1ad67cd\" data-element_type=\"container\" data-e-type=\"container\">\n\t\t\t\t\t<div class=\"e-con-inner\">\n\t\t<div class=\"elementor-element elementor-element-8836edc e-flex e-con-boxed e-con e-child\" data-id=\"8836edc\" data-element_type=\"container\" data-e-type=\"container\">\n\t\t\t\t\t<div class=\"e-con-inner\">\n\t\t\t\t<div class=\"elementor-element elementor-element-29647a4 elementor-widget__width-inherit elementor-widget elementor-widget-heading\" data-id=\"29647a4\" data-element_type=\"widget\" data-e-type=\"widget\" data-widget_type=\"heading.default\">\n\t\t\t\t\t<h1 class=\"elementor-heading-title elementor-size-default\">Kontakt<\/h1>\t\t\t\t<\/div>\n\t\t\t\t<div class=\"elementor-element elementor-element-7ebb092 elementor-widget__width-inherit elementor-widget elementor-widget-text-editor\" data-id=\"7ebb092\" data-element_type=\"widget\" data-e-type=\"widget\" data-widget_type=\"text-editor.default\">\n\t\t\t\t\t\t\t\t\t<p><strong>ENERGIE PROJEKTE SUED GmbH<\/strong><br \/>Lindenbronn 7<br \/>73116 W\u00e4schenbeuren<br \/>E-Mail: <a href=\"mailto:info@energie-projekte-sued.com\">info@energie-projekte-sued.com<\/a><\/p><p>Dr. Falk Steuer, Gesch\u00e4ftsf\u00fchrer (CEO)<br \/>Telefon: <a href=\"tel:+49 163 5102176\">+49 163 510 2176<\/a><br \/>E-Mail: <a href=\"mailto:info@energie-projekte-sued.com\">dr.falk.steuer@energie-projekte-sued.com<\/a><\/p><p>Markus Behles, Gesch\u00e4ftsf\u00fchrer Finanzen (CFO)<br \/>Telefon: <a href=\"tel:+49 1511 009 3911\">+49 1511 009 3911<\/a><br \/>Email: <a href=\"mailto:markus.behles@energie-projekte-sued.com\">markus.behles@energie-projekte-sued.com<\/a><\/p><p>Jonathan Ruwwe, Technischer Gesch\u00e4ftsf\u00fchrer (CTO)<br \/>Telefon:<a href=\"tel:+49 176 843 44403\">+49 176 843 444 03<\/a><br \/>E-Mail: <a href=\"mailto:jonathan.ruwwe@energie-projekte-sued.com\">jonathan.ruwwe@energie-projekte-sued.com<\/a><\/p>\t\t\t\t\t\t\t\t<\/div>\n\t\t\t\t\t<\/div>\n\t\t\t\t<\/div>\n\t\t<div class=\"elementor-element elementor-element-1badfbf e-con-full e-flex e-con e-child\" data-id=\"1badfbf\" data-element_type=\"container\" data-e-type=\"container\">\n\t\t\t\t<div class=\"elementor-element elementor-element-6bc05bd elementor-button-align-stretch elementor-widget elementor-widget-form\" data-id=\"6bc05bd\" data-element_type=\"widget\" data-e-type=\"widget\" data-settings=\"{&quot;step_next_label&quot;:&quot;N\\u00e4chster&quot;,&quot;step_previous_label&quot;:&quot;Voriger&quot;,&quot;button_width&quot;:&quot;100&quot;,&quot;step_type&quot;:&quot;number_text&quot;,&quot;step_icon_shape&quot;:&quot;circle&quot;}\" data-widget_type=\"form.default\">\n\t\t\t\t\t\t\t<form class=\"elementor-form\" method=\"post\" name=\"Neues Formular\" aria-label=\"Neues Formular\">\n\t\t\t<input type=\"hidden\" name=\"post_id\" value=\"151\"\/>\n\t\t\t<input type=\"hidden\" name=\"form_id\" value=\"6bc05bd\"\/>\n\t\t\t<input type=\"hidden\" name=\"referer_title\" value=\"ENERGIE PROJEKTE SUED\" \/>\n\n\t\t\t\n\t\t\t<div class=\"elementor-form-fields-wrapper elementor-labels-above\">\n\t\t\t\t\t\t\t\t<div class=\"elementor-field-type-text elementor-field-group elementor-column elementor-field-group-field_ebf8958 elementor-col-100 elementor-field-required\">\n\t\t\t\t\t\t\t\t\t\t\t\t<label for=\"form-field-field_ebf8958\" class=\"elementor-field-label\">\n\t\t\t\t\t\t\t\tUnternehmen (optional)\t\t\t\t\t\t\t<\/label>\n\t\t\t\t\t\t\t\t\t\t\t\t\t\t<input size=\"1\" type=\"text\" name=\"form_fields[field_ebf8958]\" id=\"form-field-field_ebf8958\" class=\"elementor-field elementor-size-sm  elementor-field-textual\" required=\"required\">\n\t\t\t\t\t\t\t\t\t\t\t<\/div>\n\t\t\t\t\t\t\t\t<div class=\"elementor-field-type-html elementor-field-group elementor-column elementor-field-group-field_a78126e elementor-col-100\">\n\t\t\t\t\t<strong>Ansprechpartner<\/strong>\t\t\t\t<\/div>\n\t\t\t\t\t\t\t\t<div class=\"elementor-field-type-text elementor-field-group elementor-column elementor-field-group-name elementor-col-50 elementor-field-required\">\n\t\t\t\t\t\t\t\t\t\t\t\t<label for=\"form-field-name\" class=\"elementor-field-label\">\n\t\t\t\t\t\t\t\tVorname*\t\t\t\t\t\t\t<\/label>\n\t\t\t\t\t\t\t\t\t\t\t\t\t\t<input size=\"1\" type=\"text\" name=\"form_fields[name]\" id=\"form-field-name\" class=\"elementor-field elementor-size-sm  elementor-field-textual\" required=\"required\">\n\t\t\t\t\t\t\t\t\t\t\t<\/div>\n\t\t\t\t\t\t\t\t<div class=\"elementor-field-type-text elementor-field-group elementor-column elementor-field-group-field_0bfcf85 elementor-col-50 elementor-field-required\">\n\t\t\t\t\t\t\t\t\t\t\t\t<label for=\"form-field-field_0bfcf85\" class=\"elementor-field-label\">\n\t\t\t\t\t\t\t\tNachname*\t\t\t\t\t\t\t<\/label>\n\t\t\t\t\t\t\t\t\t\t\t\t\t\t<input size=\"1\" type=\"text\" name=\"form_fields[field_0bfcf85]\" id=\"form-field-field_0bfcf85\" class=\"elementor-field elementor-size-sm  elementor-field-textual\" required=\"required\">\n\t\t\t\t\t\t\t\t\t\t\t<\/div>\n\t\t\t\t\t\t\t\t<div class=\"elementor-field-type-email elementor-field-group elementor-column elementor-field-group-email elementor-col-100 elementor-field-required\">\n\t\t\t\t\t\t\t\t\t\t\t\t<label for=\"form-field-email\" class=\"elementor-field-label\">\n\t\t\t\t\t\t\t\tIhre E-Mailadresse*\t\t\t\t\t\t\t<\/label>\n\t\t\t\t\t\t\t\t\t\t\t\t\t\t<input size=\"1\" type=\"email\" name=\"form_fields[email]\" id=\"form-field-email\" class=\"elementor-field elementor-size-sm  elementor-field-textual\" required=\"required\">\n\t\t\t\t\t\t\t\t\t\t\t<\/div>\n\t\t\t\t\t\t\t\t<div class=\"elementor-field-type-tel elementor-field-group elementor-column elementor-field-group-field_0b44f44 elementor-col-100 elementor-field-required\">\n\t\t\t\t\t\t\t\t\t\t\t\t<label for=\"form-field-field_0b44f44\" class=\"elementor-field-label\">\n\t\t\t\t\t\t\t\tIhre Telefonnummer*\t\t\t\t\t\t\t<\/label>\n\t\t\t\t\t\t\t\t<input size=\"1\" type=\"tel\" name=\"form_fields[field_0b44f44]\" id=\"form-field-field_0b44f44\" class=\"elementor-field elementor-size-sm  elementor-field-textual\" required=\"required\" pattern=\"[0-9()#&amp;+*-=.]+\" title=\"Only numbers and phone characters (#, -, *, etc) are accepted.\">\n\n\t\t\t\t\t\t<\/div>\n\t\t\t\t\t\t\t\t<div class=\"elementor-field-type-textarea elementor-field-group elementor-column elementor-field-group-message elementor-col-100\">\n\t\t\t\t\t\t\t\t\t\t\t\t<label for=\"form-field-message\" class=\"elementor-field-label\">\n\t\t\t\t\t\t\t\tIhre Nachricht an uns\t\t\t\t\t\t\t<\/label>\n\t\t\t\t\t\t<textarea class=\"elementor-field-textual elementor-field  elementor-size-sm\" name=\"form_fields[message]\" id=\"form-field-message\" rows=\"4\"><\/textarea>\t\t\t\t<\/div>\n\t\t\t\t\t\t\t\t<div class=\"elementor-field-type-acceptance elementor-field-group elementor-column elementor-field-group-field_f7e5e34 elementor-col-100 elementor-field-required\">\n\t\t\t\t\t\t\t\t\t\t\t\t<label for=\"form-field-field_f7e5e34\" class=\"elementor-field-label\">\n\t\t\t\t\t\t\t\tDatenschutz*\t\t\t\t\t\t\t<\/label>\n\t\t\t\t\t\t\t\t<div class=\"elementor-field-subgroup\">\n\t\t\t<span class=\"elementor-field-option\">\n\t\t\t\t<input type=\"checkbox\" name=\"form_fields[field_f7e5e34]\" id=\"form-field-field_f7e5e34\" class=\"elementor-field elementor-size-sm  elementor-acceptance-field\" required=\"required\">\n\t\t\t\t<label for=\"form-field-field_f7e5e34\">Mit der Nutzung dieses Formulars erkl\u00e4ren Sie sich mit der Speicherung und Verarbeitung Ihrer Daten durch diese Website einverstanden.<br><br><\/label>\t\t\t<\/span>\n\t\t<\/div>\n\t\t\t\t\t\t<\/div>\n\t\t\t\t\t\t\t\t<div class=\"elementor-field-group elementor-column elementor-field-type-submit elementor-col-100 e-form__buttons\">\n\t\t\t\t\t<button class=\"elementor-button elementor-size-sm\" type=\"submit\">\n\t\t\t\t\t\t<span class=\"elementor-button-content-wrapper\">\n\t\t\t\t\t\t\t\t\t\t\t\t\t\t\t\t\t\t\t\t\t\t<span class=\"elementor-button-text\">Nachricht senden<\/span>\n\t\t\t\t\t\t\t\t\t\t\t\t\t<\/span>\n\t\t\t\t\t<\/button>\n\t\t\t\t<\/div>\n\t\t\t<\/div>\n\t\t<\/form>\n\t\t\t\t\t\t<\/div>\n\t\t\t\t<\/div>\n\t\t\t\t\t<\/div>\n\t\t\t\t<\/div>\n\t\t\t\t<\/div>\n\t\t","protected":false},"excerpt":{"rendered":"<p>Kontakt ENERGIE PROJEKTE SUED GmbHLindenbronn 773116 W\u00e4schenbeurenE-Mail: info@energie-projekte-sued.com Dr. Falk Steuer, Gesch\u00e4ftsf\u00fchrer (CEO)Telefon: +49 163 510 2176E-Mail: dr.falk.steuer@energie-projekte-sued.com Markus Behles, Gesch\u00e4ftsf\u00fchrer Finanzen (CFO)Telefon: +49 1511 009 3911Email: markus.behles@energie-projekte-sued.com Jonathan Ruwwe, Technischer Gesch\u00e4ftsf\u00fchrer (CTO)Telefon:+49 176 843 444 03E-Mail: jonathan.ruwwe@energie-projekte-sued.com<\/p>","protected":false},"author":1,"featured_media":0,"parent":0,"menu_order":0,"comment_status":"closed","ping_status":"closed","template":"","meta":{"rs_blank_template":"","rs_page_bg_color":"","slide_template_v7":"","footnotes":""},"class_list":["post-151","page","type-page","status-publish","hentry"],"yoast_head":"<!-- This site is optimized with the Yoast SEO plugin v27.3 - https:\/\/yoast.com\/product\/yoast-seo-wordpress\/ -->\n<title>Kontakt Energie Projekte Sued - ENERGIE PROJEKTE SUED<\/title>\n<meta name=\"description\" content=\"Energie Projekte S\u00fcd - Nehmen Sie jetzt Kontakt auf - Haben Sie Fragen zu unseren Leistungen oder ben\u00f6tigen Sie eine Beratung?\" \/>\n<meta name=\"robots\" content=\"index, follow, max-snippet:-1, max-image-preview:large, max-video-preview:-1\" \/>\n<link rel=\"canonical\" href=\"https:\/\/energie-projekte-sued.com\/en\/contact-energie-projekte-sued\/\" \/>\n<meta property=\"og:locale\" content=\"en_GB\" \/>\n<meta property=\"og:type\" content=\"article\" \/>\n<meta property=\"og:title\" content=\"Kontakt Energie Projekte Sued - ENERGIE PROJEKTE SUED\" \/>\n<meta property=\"og:description\" content=\"Energie Projekte S\u00fcd - Nehmen Sie jetzt Kontakt auf - Haben Sie Fragen zu unseren Leistungen oder ben\u00f6tigen Sie eine Beratung?\" \/>\n<meta property=\"og:url\" content=\"https:\/\/energie-projekte-sued.com\/en\/contact-energie-projekte-sued\/\" \/>\n<meta property=\"og:site_name\" content=\"ENERGIE PROJEKTE SUED\" \/>\n<meta property=\"article:modified_time\" content=\"2026-04-16T11:19:55+00:00\" \/>\n<meta property=\"og:image\" content=\"https:\/\/energie-projekte-sued.com\/wp-content\/uploads\/2026\/04\/Energie-Projekte-Sued.png\" \/>\n\t<meta property=\"og:image:width\" content=\"1952\" \/>\n\t<meta property=\"og:image:height\" content=\"516\" \/>\n\t<meta property=\"og:image:type\" content=\"image\/png\" \/>\n<meta name=\"twitter:card\" content=\"summary_large_image\" \/>\n<meta name=\"twitter:label1\" content=\"Estimated reading time\" \/>\n\t<meta name=\"twitter:data1\" content=\"1 minute\" \/>\n<script type=\"application\/ld+json\" class=\"yoast-schema-graph\">{\"@context\":\"https:\\\/\\\/schema.org\",\"@graph\":[{\"@type\":\"WebPage\",\"@id\":\"https:\\\/\\\/energie-projekte-sued.com\\\/kontakt-energie-projekte-sued\\\/\",\"url\":\"https:\\\/\\\/energie-projekte-sued.com\\\/kontakt-energie-projekte-sued\\\/\",\"name\":\"Kontakt Energie Projekte Sued - ENERGIE PROJEKTE SUED\",\"isPartOf\":{\"@id\":\"https:\\\/\\\/energie-projekte-sued.com\\\/#website\"},\"datePublished\":\"2026-04-14T12:27:31+00:00\",\"dateModified\":\"2026-04-16T11:19:55+00:00\",\"description\":\"Energie Projekte S\u00fcd - Nehmen Sie jetzt Kontakt auf - Haben Sie Fragen zu unseren Leistungen oder ben\u00f6tigen Sie eine Beratung?\",\"breadcrumb\":{\"@id\":\"https:\\\/\\\/energie-projekte-sued.com\\\/kontakt-energie-projekte-sued\\\/#breadcrumb\"},\"inLanguage\":\"en-GB\",\"potentialAction\":[{\"@type\":\"ReadAction\",\"target\":[\"https:\\\/\\\/energie-projekte-sued.com\\\/kontakt-energie-projekte-sued\\\/\"]}]},{\"@type\":\"BreadcrumbList\",\"@id\":\"https:\\\/\\\/energie-projekte-sued.com\\\/kontakt-energie-projekte-sued\\\/#breadcrumb\",\"itemListElement\":[{\"@type\":\"ListItem\",\"position\":1,\"name\":\"Start\",\"item\":\"https:\\\/\\\/energie-projekte-sued.com\\\/\"},{\"@type\":\"ListItem\",\"position\":2,\"name\":\"Kontakt Energie Projekte Sued\"}]},{\"@type\":\"WebSite\",\"@id\":\"https:\\\/\\\/energie-projekte-sued.com\\\/#website\",\"url\":\"https:\\\/\\\/energie-projekte-sued.com\\\/\",\"name\":\"ENERGIE PROJEKTE SUED\",\"description\":\"\",\"publisher\":{\"@id\":\"https:\\\/\\\/energie-projekte-sued.com\\\/#organization\"},\"potentialAction\":[{\"@type\":\"SearchAction\",\"target\":{\"@type\":\"EntryPoint\",\"urlTemplate\":\"https:\\\/\\\/energie-projekte-sued.com\\\/?s={search_term_string}\"},\"query-input\":{\"@type\":\"PropertyValueSpecification\",\"valueRequired\":true,\"valueName\":\"search_term_string\"}}],\"inLanguage\":\"en-GB\"},{\"@type\":\"Organization\",\"@id\":\"https:\\\/\\\/energie-projekte-sued.com\\\/#organization\",\"name\":\"Energie Projekte S\u00fcd\",\"url\":\"https:\\\/\\\/energie-projekte-sued.com\\\/\",\"logo\":{\"@type\":\"ImageObject\",\"inLanguage\":\"en-GB\",\"@id\":\"https:\\\/\\\/energie-projekte-sued.com\\\/#\\\/schema\\\/logo\\\/image\\\/\",\"url\":\"https:\\\/\\\/energie-projekte-sued.com\\\/wp-content\\\/uploads\\\/2026\\\/04\\\/Energie-Projekte-Sued.png\",\"contentUrl\":\"https:\\\/\\\/energie-projekte-sued.com\\\/wp-content\\\/uploads\\\/2026\\\/04\\\/Energie-Projekte-Sued.png\",\"width\":1952,\"height\":516,\"caption\":\"Energie Projekte S\u00fcd\"},\"image\":{\"@id\":\"https:\\\/\\\/energie-projekte-sued.com\\\/#\\\/schema\\\/logo\\\/image\\\/\"}}]}<\/script>\n<!-- \/ Yoast SEO plugin. -->","yoast_head_json":{"title":"Contact Energie Projekte Sued - ENERGIE PROJEKTE SUED","description":"Energie Projekte S\u00fcd - Get in Touch Today - Do you have questions about our services or would you like to arrange a consultation?","robots":{"index":"index","follow":"follow","max-snippet":"max-snippet:-1","max-image-preview":"max-image-preview:large","max-video-preview":"max-video-preview:-1"},"canonical":"https:\/\/energie-projekte-sued.com\/en\/contact-energie-projekte-sued\/","og_locale":"en_GB","og_type":"article","og_title":"Kontakt Energie Projekte Sued - ENERGIE PROJEKTE SUED","og_description":"Energie Projekte S\u00fcd - Nehmen Sie jetzt Kontakt auf - Haben Sie Fragen zu unseren Leistungen oder ben\u00f6tigen Sie eine Beratung?","og_url":"https:\/\/energie-projekte-sued.com\/en\/contact-energie-projekte-sued\/","og_site_name":"ENERGIE PROJEKTE SUED","article_modified_time":"2026-04-16T11:19:55+00:00","og_image":[{"width":1952,"height":516,"url":"https:\/\/energie-projekte-sued.com\/wp-content\/uploads\/2026\/04\/Energie-Projekte-Sued.png","type":"image\/png"}],"twitter_card":"summary_large_image","twitter_misc":{"Estimated reading time":"1 minute"},"schema":{"@context":"https:\/\/schema.org","@graph":[{"@type":"WebPage","@id":"https:\/\/energie-projekte-sued.com\/kontakt-energie-projekte-sued\/","url":"https:\/\/energie-projekte-sued.com\/kontakt-energie-projekte-sued\/","name":"Contact Energie Projekte Sued - ENERGIE PROJEKTE SUED","isPartOf":{"@id":"https:\/\/energie-projekte-sued.com\/#website"},"datePublished":"2026-04-14T12:27:31+00:00","dateModified":"2026-04-16T11:19:55+00:00","description":"Energie Projekte S\u00fcd - Get in Touch Today - Do you have questions about our services or would you like to arrange a consultation?","breadcrumb":{"@id":"https:\/\/energie-projekte-sued.com\/kontakt-energie-projekte-sued\/#breadcrumb"},"inLanguage":"en-GB","potentialAction":[{"@type":"ReadAction","target":["https:\/\/energie-projekte-sued.com\/kontakt-energie-projekte-sued\/"]}]},{"@type":"BreadcrumbList","@id":"https:\/\/energie-projekte-sued.com\/kontakt-energie-projekte-sued\/#breadcrumb","itemListElement":[{"@type":"ListItem","position":1,"name":"Start","item":"https:\/\/energie-projekte-sued.com\/"},{"@type":"ListItem","position":2,"name":"Kontakt Energie Projekte Sued"}]},{"@type":"WebSite","@id":"https:\/\/energie-projekte-sued.com\/#website","url":"https:\/\/energie-projekte-sued.com\/","name":"ENERGIE PROJEKTE SUED","description":"","publisher":{"@id":"https:\/\/energie-projekte-sued.com\/#organization"},"potentialAction":[{"@type":"SearchAction","target":{"@type":"EntryPoint","urlTemplate":"https:\/\/energie-projekte-sued.com\/?s={search_term_string}"},"query-input":{"@type":"PropertyValueSpecification","valueRequired":true,"valueName":"search_term_string"}}],"inLanguage":"en-GB"},{"@type":"Organization","@id":"https:\/\/energie-projekte-sued.com\/#organization","name":"Energie Projekte S\u00fcd","url":"https:\/\/energie-projekte-sued.com\/","logo":{"@type":"ImageObject","inLanguage":"en-GB","@id":"https:\/\/energie-projekte-sued.com\/#\/schema\/logo\/image\/","url":"https:\/\/energie-projekte-sued.com\/wp-content\/uploads\/2026\/04\/Energie-Projekte-Sued.png","contentUrl":"https:\/\/energie-projekte-sued.com\/wp-content\/uploads\/2026\/04\/Energie-Projekte-Sued.png","width":1952,"height":516,"caption":"Energie Projekte S\u00fcd"},"image":{"@id":"https:\/\/energie-projekte-sued.com\/#\/schema\/logo\/image\/"}}]}},"_links":{"self":[{"href":"https:\/\/energie-projekte-sued.com\/en\/wp-json\/wp\/v2\/pages\/151","targetHints":{"allow":["GET"]}}],"collection":[{"href":"https:\/\/energie-projekte-sued.com\/en\/wp-json\/wp\/v2\/pages"}],"about":[{"href":"https:\/\/energie-projekte-sued.com\/en\/wp-json\/wp\/v2\/types\/page"}],"author":[{"embeddable":true,"href":"https:\/\/energie-projekte-sued.com\/en\/wp-json\/wp\/v2\/users\/1"}],"replies":[{"embeddable":true,"href":"https:\/\/energie-projekte-sued.com\/en\/wp-json\/wp\/v2\/comments?post=151"}],"version-history":[{"count":19,"href":"https:\/\/energie-projekte-sued.com\/en\/wp-json\/wp\/v2\/pages\/151\/revisions"}],"predecessor-version":[{"id":337,"href":"https:\/\/energie-projekte-sued.com\/en\/wp-json\/wp\/v2\/pages\/151\/revisions\/337"}],"wp:attachment":[{"href":"https:\/\/energie-projekte-sued.com\/en\/wp-json\/wp\/v2\/media?parent=151"}],"curies":[{"name":"wp","href":"https:\/\/api.w.org\/{rel}","templated":true}]}}