{"id":70,"date":"2026-04-13T19:56:31","date_gmt":"2026-04-13T17:56:31","guid":{"rendered":"https:\/\/energie-projekte-sued.com\/?page_id=70"},"modified":"2026-04-19T17:34:16","modified_gmt":"2026-04-19T15:34:16","slug":"imprint","status":"publish","type":"page","link":"https:\/\/energie-projekte-sued.com\/en\/imprint\/","title":{"rendered":"Imprint"},"content":{"rendered":"<div data-elementor-type=\"wp-page\" data-elementor-id=\"70\" class=\"elementor elementor-70\" data-elementor-post-type=\"page\">\n\t\t\t\t<div class=\"elementor-element elementor-element-1ad67cd e-flex e-con-boxed e-con e-parent\" data-id=\"1ad67cd\" data-element_type=\"container\" data-e-type=\"container\">\n\t\t\t\t\t<div class=\"e-con-inner\">\n\t\t<div class=\"elementor-element elementor-element-8836edc e-flex e-con-boxed e-con e-child\" data-id=\"8836edc\" data-element_type=\"container\" data-e-type=\"container\">\n\t\t\t\t\t<div class=\"e-con-inner\">\n\t\t\t\t<div class=\"elementor-element elementor-element-29647a4 elementor-widget elementor-widget-heading\" data-id=\"29647a4\" data-element_type=\"widget\" data-e-type=\"widget\" data-widget_type=\"heading.default\">\n\t\t\t\t\t<h1 class=\"elementor-heading-title elementor-size-default\">Imprint<\/h1>\t\t\t\t<\/div>\n\t\t\t\t<div class=\"elementor-element elementor-element-7ebb092 elementor-widget elementor-widget-text-editor\" data-id=\"7ebb092\" data-element_type=\"widget\" data-e-type=\"widget\" data-widget_type=\"text-editor.default\">\n\t\t\t\t\t\t\t\t\t<p><strong>ENERGIE PROJEKTE SUED GmbH i.G.<\/strong><br>Lindenbronn 7<br>73116 W\u00e4schenbeuren <br> Germany<\/p>\n<p class=\"translation-block\">Commercial Register: to be provided<br>Registration Court: to be provided<\/p>\n<p class=\"translation-block\"><strong>Represented by:<\/strong><br>Dr. Falk Steuer, Managing Director (CEO)<br>Markus Behles, Managing Director Finance (CFO)<br>Jonathan Ruwwe, Technical Managing Director (CTO)<br><\/p>\n<h6>Contact<\/h6>\n<p class=\"translation-block\">Phone: +49 163 510 2176<br>E-Mail: info@energie-projekte-sued.com<\/p>\n<h6>VAT Identification Number<\/h6>\n<p class=\"translation-block\">VAT Identification Number in accordance with \u00a7 27 a of the German VAT Act:<br>to be provided<\/p>\n<h6>Editorially Responsible<\/h6>\n<p>Dr. Falk Steuer, Managing Director (CEO)<\/p>\n<h6>Consumer Dispute Resolution \/ Universal Arbitration Board<\/h6>\n<p>We are neither willing nor obliged to participate in dispute resolution proceedings before a consumer arbitration board.<\/p>\t\t\t\t\t\t\t\t<\/div>\n\t\t\t\t<div class=\"elementor-element elementor-element-2584ce0 elementor-widget elementor-widget-text-editor\" data-id=\"2584ce0\" data-element_type=\"widget\" data-e-type=\"widget\" data-widget_type=\"text-editor.default\">\n\t\t\t\t\t\t\t\t\t<h6>Liability for Content<\/h6><p>The content of our pages has been created with the utmost care. However, we cannot guarantee the accuracy, completeness, or currency of the information provided. As a service provider, we are responsible for our own content on these pages in accordance with general legislation under \u00a7 7 para. 1 TMG. However, pursuant to \u00a7\u00a7 8 to 10 TMG, we are not obliged as a service provider to monitor transmitted or stored third-party information or to investigate circumstances that indicate illegal activity. Obligations to remove or block the use of information in accordance with general law remain unaffected. Liability in this regard, however, only arises from the moment we become aware of a specific legal infringement. Upon becoming aware of any such violations, we will remove the relevant content without delay.<\/p><h6>Liability for Links<\/h6><p>Our website contains links to external third-party websites over whose content we have no control. We therefore accept no responsibility for such external content. The respective provider or operator of each linked page is solely responsible for its content. All linked pages were checked for possible legal violations at the time of linking. No illegal content was apparent at that time. However, ongoing monitoring of linked pages is not reasonable without specific indications of a legal violation. Upon becoming aware of any infringements, we will remove such links without delay.<\/p><h6>Copyright<\/h6><p>The content and works created by the site operators on these pages are subject to German copyright law. Reproduction, editing, distribution, and any form of use beyond the limits of copyright law require the written consent of the respective author or creator. Downloads and copies of this site are permitted for private, non-commercial use only. Where content on this site has not been created by the operator, the copyrights of third parties are respected and such content is identified accordingly. Should you become aware of a copyright infringement, please notify us. Upon becoming aware of any violations, we will remove the relevant content without delay.<\/p><p class=\"translation-block\">We use exclusively licensed video and image material on this domain.<br>Sources:<br>https:\/\/elements.envato.com\/de\/<br>https:\/\/stock.adobe.com\/de\/<\/p>\t\t\t\t\t\t\t\t<\/div>\n\t\t\t\t\t<\/div>\n\t\t\t\t<\/div>\n\t\t\t\t\t<\/div>\n\t\t\t\t<\/div>\n\t\t\t\t<\/div>","protected":false},"excerpt":{"rendered":"<p>Impressum ENERGIE PROJEKTE SUED GmbH i.G.Lindenbronn 773116 W\u00e4schenbeuren Handelsregister: wird nachgereichtRegistergericht: wird nachgereicht Vertreten durch:Dr. Falk Steuer, Gesch\u00e4ftsf\u00fchrer (CEO)Markus Behles, Gesch\u00e4ftsf\u00fchrer Finanzen (CFO)Jonathan Ruwwe, Technischer Gesch\u00e4ftsf\u00fchrer (CTO) Kontakt Telefon: +49 163 510 2176E-Mail: info@energie-projekte-sued.com Umsatzsteuer-ID Umsatzsteuer-Identifikationsnummer gem\u00e4\u00df \u00a7 27 a Umsatzsteuergesetz:wird nachgereicht Redaktionell verantwortlich Dr. Falk Steuer, Gesch\u00e4ftsf\u00fchrer (CEO) Verbraucher\u00adstreit\u00adbeilegung\/Universal\u00adschlichtungs\u00adstelle Wir sind nicht bereit oder [&hellip;]<\/p>\n","protected":false},"author":1,"featured_media":0,"parent":0,"menu_order":0,"comment_status":"closed","ping_status":"closed","template":"elementor_header_footer","meta":{"rs_blank_template":"","rs_page_bg_color":"","slide_template_v7":"","footnotes":""},"class_list":["post-70","page","type-page","status-publish","hentry"],"yoast_head":"<!-- This site is optimized with the Yoast SEO plugin v27.3 - https:\/\/yoast.com\/product\/yoast-seo-wordpress\/ -->\n<title>Impressum - ENERGIE PROJEKTE SUED<\/title>\n<meta name=\"description\" content=\"Impressum ENERGIE PROJEKTE SUED\" \/>\n<meta name=\"robots\" content=\"index, follow, max-snippet:-1, max-image-preview:large, max-video-preview:-1\" \/>\n<link rel=\"canonical\" href=\"https:\/\/energie-projekte-sued.com\/en\/imprint\/\" \/>\n<meta property=\"og:locale\" content=\"en_GB\" \/>\n<meta property=\"og:type\" content=\"article\" \/>\n<meta property=\"og:title\" content=\"Impressum - ENERGIE PROJEKTE SUED\" \/>\n<meta property=\"og:description\" content=\"Impressum ENERGIE PROJEKTE SUED\" \/>\n<meta property=\"og:url\" content=\"https:\/\/energie-projekte-sued.com\/en\/imprint\/\" \/>\n<meta property=\"og:site_name\" content=\"ENERGIE PROJEKTE SUED\" \/>\n<meta property=\"article:modified_time\" content=\"2026-04-19T15:34:16+00:00\" \/>\n<meta property=\"og:image\" content=\"https:\/\/energie-projekte-sued.com\/wp-content\/uploads\/2026\/04\/Energie-Projekte-Sued.png\" \/>\n\t<meta property=\"og:image:width\" content=\"1952\" \/>\n\t<meta property=\"og:image:height\" content=\"516\" \/>\n\t<meta property=\"og:image:type\" content=\"image\/png\" \/>\n<meta name=\"twitter:card\" content=\"summary_large_image\" \/>\n<meta name=\"twitter:label1\" content=\"Estimated reading time\" \/>\n\t<meta name=\"twitter:data1\" content=\"3 minutes\" \/>\n<script type=\"application\/ld+json\" class=\"yoast-schema-graph\">{\"@context\":\"https:\\\/\\\/schema.org\",\"@graph\":[{\"@type\":\"WebPage\",\"@id\":\"https:\\\/\\\/energie-projekte-sued.com\\\/impressum\\\/\",\"url\":\"https:\\\/\\\/energie-projekte-sued.com\\\/impressum\\\/\",\"name\":\"Impressum - ENERGIE PROJEKTE SUED\",\"isPartOf\":{\"@id\":\"https:\\\/\\\/energie-projekte-sued.com\\\/#website\"},\"datePublished\":\"2026-04-13T17:56:31+00:00\",\"dateModified\":\"2026-04-19T15:34:16+00:00\",\"description\":\"Impressum ENERGIE PROJEKTE SUED\",\"breadcrumb\":{\"@id\":\"https:\\\/\\\/energie-projekte-sued.com\\\/impressum\\\/#breadcrumb\"},\"inLanguage\":\"en-GB\",\"potentialAction\":[{\"@type\":\"ReadAction\",\"target\":[\"https:\\\/\\\/energie-projekte-sued.com\\\/impressum\\\/\"]}]},{\"@type\":\"BreadcrumbList\",\"@id\":\"https:\\\/\\\/energie-projekte-sued.com\\\/impressum\\\/#breadcrumb\",\"itemListElement\":[{\"@type\":\"ListItem\",\"position\":1,\"name\":\"Start\",\"item\":\"https:\\\/\\\/energie-projekte-sued.com\\\/\"},{\"@type\":\"ListItem\",\"position\":2,\"name\":\"Impressum\"}]},{\"@type\":\"WebSite\",\"@id\":\"https:\\\/\\\/energie-projekte-sued.com\\\/#website\",\"url\":\"https:\\\/\\\/energie-projekte-sued.com\\\/\",\"name\":\"ENERGIE PROJEKTE SUED\",\"description\":\"\",\"publisher\":{\"@id\":\"https:\\\/\\\/energie-projekte-sued.com\\\/#organization\"},\"potentialAction\":[{\"@type\":\"SearchAction\",\"target\":{\"@type\":\"EntryPoint\",\"urlTemplate\":\"https:\\\/\\\/energie-projekte-sued.com\\\/?s={search_term_string}\"},\"query-input\":{\"@type\":\"PropertyValueSpecification\",\"valueRequired\":true,\"valueName\":\"search_term_string\"}}],\"inLanguage\":\"en-GB\"},{\"@type\":\"Organization\",\"@id\":\"https:\\\/\\\/energie-projekte-sued.com\\\/#organization\",\"name\":\"Energie Projekte S\u00fcd\",\"url\":\"https:\\\/\\\/energie-projekte-sued.com\\\/\",\"logo\":{\"@type\":\"ImageObject\",\"inLanguage\":\"en-GB\",\"@id\":\"https:\\\/\\\/energie-projekte-sued.com\\\/#\\\/schema\\\/logo\\\/image\\\/\",\"url\":\"https:\\\/\\\/energie-projekte-sued.com\\\/wp-content\\\/uploads\\\/2026\\\/04\\\/Energie-Projekte-Sued.png\",\"contentUrl\":\"https:\\\/\\\/energie-projekte-sued.com\\\/wp-content\\\/uploads\\\/2026\\\/04\\\/Energie-Projekte-Sued.png\",\"width\":1952,\"height\":516,\"caption\":\"Energie Projekte S\u00fcd\"},\"image\":{\"@id\":\"https:\\\/\\\/energie-projekte-sued.com\\\/#\\\/schema\\\/logo\\\/image\\\/\"}}]}<\/script>\n<!-- \/ Yoast SEO plugin. -->","yoast_head_json":{"title":"Imprint - ENERGIE PROJEKTE SUED","description":"Impressum ENERGIE PROJEKTE SUED","robots":{"index":"index","follow":"follow","max-snippet":"max-snippet:-1","max-image-preview":"max-image-preview:large","max-video-preview":"max-video-preview:-1"},"canonical":"https:\/\/energie-projekte-sued.com\/en\/imprint\/","og_locale":"en_GB","og_type":"article","og_title":"Impressum - ENERGIE PROJEKTE SUED","og_description":"Impressum ENERGIE PROJEKTE SUED","og_url":"https:\/\/energie-projekte-sued.com\/en\/imprint\/","og_site_name":"ENERGIE PROJEKTE SUED","article_modified_time":"2026-04-19T15:34:16+00:00","og_image":[{"width":1952,"height":516,"url":"https:\/\/energie-projekte-sued.com\/wp-content\/uploads\/2026\/04\/Energie-Projekte-Sued.png","type":"image\/png"}],"twitter_card":"summary_large_image","twitter_misc":{"Estimated reading time":"3 minutes"},"schema":{"@context":"https:\/\/schema.org","@graph":[{"@type":"WebPage","@id":"https:\/\/energie-projekte-sued.com\/impressum\/","url":"https:\/\/energie-projekte-sued.com\/impressum\/","name":"Imprint - ENERGIE PROJEKTE SUED","isPartOf":{"@id":"https:\/\/energie-projekte-sued.com\/#website"},"datePublished":"2026-04-13T17:56:31+00:00","dateModified":"2026-04-19T15:34:16+00:00","description":"Impressum ENERGIE PROJEKTE SUED","breadcrumb":{"@id":"https:\/\/energie-projekte-sued.com\/impressum\/#breadcrumb"},"inLanguage":"en-GB","potentialAction":[{"@type":"ReadAction","target":["https:\/\/energie-projekte-sued.com\/impressum\/"]}]},{"@type":"BreadcrumbList","@id":"https:\/\/energie-projekte-sued.com\/impressum\/#breadcrumb","itemListElement":[{"@type":"ListItem","position":1,"name":"Start","item":"https:\/\/energie-projekte-sued.com\/"},{"@type":"ListItem","position":2,"name":"Impressum"}]},{"@type":"WebSite","@id":"https:\/\/energie-projekte-sued.com\/#website","url":"https:\/\/energie-projekte-sued.com\/","name":"ENERGIE PROJEKTE SUED","description":"","publisher":{"@id":"https:\/\/energie-projekte-sued.com\/#organization"},"potentialAction":[{"@type":"SearchAction","target":{"@type":"EntryPoint","urlTemplate":"https:\/\/energie-projekte-sued.com\/?s={search_term_string}"},"query-input":{"@type":"PropertyValueSpecification","valueRequired":true,"valueName":"search_term_string"}}],"inLanguage":"en-GB"},{"@type":"Organization","@id":"https:\/\/energie-projekte-sued.com\/#organization","name":"Energie Projekte S\u00fcd","url":"https:\/\/energie-projekte-sued.com\/","logo":{"@type":"ImageObject","inLanguage":"en-GB","@id":"https:\/\/energie-projekte-sued.com\/#\/schema\/logo\/image\/","url":"https:\/\/energie-projekte-sued.com\/wp-content\/uploads\/2026\/04\/Energie-Projekte-Sued.png","contentUrl":"https:\/\/energie-projekte-sued.com\/wp-content\/uploads\/2026\/04\/Energie-Projekte-Sued.png","width":1952,"height":516,"caption":"Energie Projekte S\u00fcd"},"image":{"@id":"https:\/\/energie-projekte-sued.com\/#\/schema\/logo\/image\/"}}]}},"_links":{"self":[{"href":"https:\/\/energie-projekte-sued.com\/en\/wp-json\/wp\/v2\/pages\/70","targetHints":{"allow":["GET"]}}],"collection":[{"href":"https:\/\/energie-projekte-sued.com\/en\/wp-json\/wp\/v2\/pages"}],"about":[{"href":"https:\/\/energie-projekte-sued.com\/en\/wp-json\/wp\/v2\/types\/page"}],"author":[{"embeddable":true,"href":"https:\/\/energie-projekte-sued.com\/en\/wp-json\/wp\/v2\/users\/1"}],"replies":[{"embeddable":true,"href":"https:\/\/energie-projekte-sued.com\/en\/wp-json\/wp\/v2\/comments?post=70"}],"version-history":[{"count":46,"href":"https:\/\/energie-projekte-sued.com\/en\/wp-json\/wp\/v2\/pages\/70\/revisions"}],"predecessor-version":[{"id":457,"href":"https:\/\/energie-projekte-sued.com\/en\/wp-json\/wp\/v2\/pages\/70\/revisions\/457"}],"wp:attachment":[{"href":"https:\/\/energie-projekte-sued.com\/en\/wp-json\/wp\/v2\/media?parent=70"}],"curies":[{"name":"wp","href":"https:\/\/api.w.org\/{rel}","templated":true}]}}